{"id":347,"date":"2017-07-10T09:53:23","date_gmt":"2017-07-10T07:53:23","guid":{"rendered":"https:\/\/www.nathal-energy.com\/imprint\/"},"modified":"2024-08-20T20:47:43","modified_gmt":"2024-08-20T18:47:43","slug":"empreinte","status":"publish","type":"page","link":"https:\/\/www.nathal-energy.com\/fr\/empreinte\/","title":{"rendered":"Empreinte"},"content":{"rendered":"<h1>NATHAL ENERGY<\/h1>\n<p>Georg Stimpfl &#8211; Nathal Energy<br \/>\nBrucknerweg 3<br \/>\nA-9500 Villach<br \/>\nUID: ATU73724678<br \/>\ne-mail: info[@]nathal-energy.com<\/p>\n<h2>PHOTO CREDITS<\/h2>\n<p class=\"small-text\">Nathal Energy<\/p>\n<h2>ICONS<\/h2>\n<p class=\"small-text\"><a title=\"Retinaicons\" href=\"https:\/\/www.flaticon.com\/authors\/retinaicons\">Retinaicons<\/a>\u00a0(<a href=\"https:\/\/www.flaticon.com\/\">Flaticon<\/a>)<\/p>\n<h2>NOTES JURIDIQUES \/ AVERTISSEMENT \/ CONDITIONS D&rsquo;UTILISATION<\/h2>\n<p class=\"small-text\">Nathal Energy est une soci\u00e9t\u00e9 en fondation. Ce site a \u00e9t\u00e9 soigneusement pr\u00e9par\u00e9. N\u00e9anmoins: L&rsquo;\u00e9diteur n&rsquo;assume aucune responsabilit\u00e9 pour les \u00e9ventuels inconv\u00e9nients ou dommages, r\u00e9sultant des informations, des recommandations ou des conseils list\u00e9s. Le contenu de ce site est \u00e0 titre informatif seulement. Cette information ne constitue pas un substitut aux conseils professionnels des professionnels. L&rsquo;\u00e9diteur ne peut \u00eatre tenu responsable, directement ou indirectement, de tout dommage ou inconv\u00e9nient caus\u00e9 par l&rsquo;utilisation ou l&rsquo;utilisation abusive de ces informations. L&rsquo;\u00e9diteur n&rsquo;assume aucune responsabilit\u00e9 pour la mise \u00e0 jour, l&rsquo;exactitude et l&rsquo;int\u00e9gralit\u00e9 de l&rsquo;information fournie sur son site. La responsabilit\u00e9 de l&rsquo;\u00e9diteur pour le contenu et l&rsquo;utilisation de la page d&rsquo;accueil est limit\u00e9e aux comportements intentionnels et n\u00e9gligents. Les auteurs ne sont pas non plus responsables des changements non autoris\u00e9s par des tiers (par exemple, des attaques de piratage, etc.). Les pages externes li\u00e9es sont exclusivement des contenus externes, qui ne sont pas accessibles \u00e0 l&rsquo;\u00e9diteur. L&rsquo;\u00e9diteur n&rsquo;accepte aucune responsabilit\u00e9 pour le contenu des pages li\u00e9es. Il n&rsquo;y a eu qu&rsquo;un contr\u00f4le des c\u00f4t\u00e9s li\u00e9s au moment de la liaison, dans laquelle aucune indication sur les contenus ill\u00e9gaux n&rsquo;a \u00e9t\u00e9 d\u00e9couverte. Dans la mesure o\u00f9 les r\u00e8glements et les lois sont reproduits, seul l&rsquo;avis officiel doit \u00eatre d\u00e9cisif. L&rsquo;\u00e9diteur s&rsquo;efforce d&rsquo;observer les droits d&rsquo;auteur des graphiques, des documents sonores, des s\u00e9quences vid\u00e9o et des textes utilis\u00e9s, d&rsquo;utiliser des graphiques, des documents sonores, des s\u00e9quences vid\u00e9o et des textes cr\u00e9\u00e9s par lui-m\u00eame ou pour acc\u00e9der \u00e0 des graphiques sans licence, des documents sonores, des s\u00e9quences vid\u00e9o et des textes dans toutes les publications. Le copyright des objets publi\u00e9s cr\u00e9\u00e9s par les auteurs reste avec l&rsquo;\u00e9diteur des pages. Aucune reproduction ou utilisation n&rsquo;est permise sans son consentement expr\u00e8s. Si Internet offre la possibilit\u00e9 d&rsquo;entrer des donn\u00e9es personnelles ou commerciales (adresses e-mail, noms, adresses, num\u00e9ros de t\u00e9l\u00e9phone et de t\u00e9l\u00e9copieur, etc.), ces donn\u00e9es sont fournies par l&rsquo;utilisateur sur une base volontaire. L&rsquo;\u00e9diteur de Presence sur Internet s&rsquo;engage dans le plus grand secret possible dans le cadre de la Loi sur la protection des donn\u00e9es et ne transmet pas les donn\u00e9es non autoris\u00e9es. Cette clause de non-responsabilit\u00e9 doit \u00eatre consid\u00e9r\u00e9e comme faisant partie de l&rsquo;offre Internet \u00e0 partir de laquelle cette page a \u00e9t\u00e9 r\u00e9f\u00e9renc\u00e9e. Si les sections ou termes individuels de cette d\u00e9claration ne sont pas l\u00e9gaux ou corrects, le contenu ou la validit\u00e9 des autres parties restent inchang\u00e9s par ce fait.<\/p>\n<h5>CONTENU DE L&rsquo;OFFRE EN LIGNE<\/h5>\n<p class=\"small-text\">L&rsquo;auteur se r\u00e9serve le droit de ne pas \u00eatre responsable de l&rsquo;actualit\u00e9, de l&rsquo;exactitude, de l&rsquo;int\u00e9gralit\u00e9 ou de la qualit\u00e9 des informations fournies. Les r\u00e9clamations de responsabilit\u00e9 concernant l&rsquo;auteur, qui font r\u00e9f\u00e9rence \u00e0 des dommages d&rsquo;une nature mat\u00e9rielle ou id\u00e9ale caus\u00e9s par l&rsquo;utilisation ou la non-utilisation des informations fournies ou par l&rsquo;utilisation d&rsquo;informations incorrectes ou incompl\u00e8tes, sont en principe exclues, pour autant que l&rsquo;auteur ne soit manifestement intentionnel ou grossi\u00e8rement n\u00e9gligent La faute est pr\u00e9sente. L&rsquo;auteur se r\u00e9serve express\u00e9ment le droit de modifier, de modifier ou de supprimer certaines parties des pages sans pr\u00e9avis ou de r\u00e9silier temporairement ou d\u00e9finitivement la publication.<\/p>\n<h2>R\u00c9F\u00c9RENCES ET LIENS<\/h2>\n<p class=\"small-text\">Dans le cas de r\u00e9f\u00e9rences directes ou indirectes \u00e0 des sites tiers (\u00ab\u00a0hyperliens\u00a0\u00bb), qui rel\u00e8vent de la responsabilit\u00e9 de l&rsquo;auteur, une obligation de responsabilit\u00e9 n&rsquo;entrerait en vigueur que dans le cas o\u00f9 l&rsquo;auteur est au courant du contenu et est techniquement possible et raisonnable , pour emp\u00eacher l&rsquo;utilisation dans le cas d&rsquo;un contenu ill\u00e9gal. L&rsquo;auteur d\u00e9clare express\u00e9ment que, au moment de la liaison, aucun contenu ill\u00e9gal n&rsquo;est reconnu sur les pages \u00e0 lier. L&rsquo;auteur n&rsquo;a aucune influence sur la conception actuelle et future, le contenu ou l&rsquo;origine des pages li\u00e9es \/ li\u00e9es. Par cons\u00e9quent, il se dissocie express\u00e9ment de tout contenu de toutes les pages li\u00e9es, qui ont \u00e9t\u00e9 modifi\u00e9es apr\u00e8s la liaison. Cette d\u00e9claration s&rsquo;applique \u00e0 tous les liens et r\u00e9f\u00e9rences d\u00e9finis dans le site Internet. La responsabilit\u00e9 pour les contenus ill\u00e9gaux, inexacts ou incomplets et en particulier pour les dommages r\u00e9sultant de l&rsquo;utilisation ou de la non-utilisation de ces informations fournies incombe uniquement au fournisseur du site sur lequel la r\u00e9f\u00e9rence a \u00e9t\u00e9 faite, et non \u00e0 celui qui se r\u00e9f\u00e8re simplement \u00e0 la publication respective via les liens.<\/p>\n<h5>DROIT D&rsquo;AUTEUR ET CERTIFICAT<\/h5>\n<p class=\"small-text\">L&rsquo;auteur cherche \u00e0 respecter les droits d&rsquo;auteur des graphiques, des fichiers audio, des clips vid\u00e9o et textes, d&rsquo;utiliser ses propres graphiques, fichiers sonores, des s\u00e9quences vid\u00e9o et textes \u00e0 utiliser ou d&rsquo;utiliser des graphiques sans licence, des fichiers audio, des clips vid\u00e9o et textes. Tous dans l&rsquo;offre Internet et \u00e9ventuellement prot\u00e9g\u00e9es marques et marques d\u00e9pos\u00e9es sont les dispositions du droit des marques applicable et les droits de propri\u00e9t\u00e9 du titulaire du droit d&rsquo;auteur. La simple d\u00e9nomination ne conduit pas \u00e0 la conclusion que les marques commerciales ne sont pas prot\u00e9g\u00e9es par les droits de tiers. Le droit d&rsquo;auteur pour les objets publi\u00e9s cr\u00e9\u00e9s par l&rsquo;auteur reste uniquement avec l&rsquo;auteur des pages. La reproduction ou l&rsquo;utilisation de tels graphiques, documents sonores, s\u00e9quences vid\u00e9o et textes dans d&rsquo;autres publications \u00e9lectroniques ou imprim\u00e9es n&rsquo;est pas autoris\u00e9e sans le consentement expr\u00e8s de l&rsquo;auteur.<\/p>\n<h2>POLITIQUE DE LA VIE PRIV\u00c9E<\/h2>\n<p class=\"small-text\">Si l&rsquo;opportunit\u00e9 de saisir des donn\u00e9es personnelles ou commerciales (adresses de courrier \u00e9lectronique, noms, adresses) existe dans l&rsquo;offre Internet, ces donn\u00e9es sont fournies par l&rsquo;utilisateur sur une base volontaire. L&rsquo;utilisation de donn\u00e9es de contact telles que les adresses postales, les num\u00e9ros de t\u00e9l\u00e9phone et de t\u00e9l\u00e9copieur et les adresses \u00e9lectroniques publi\u00e9es par des tiers pour la transmission d&rsquo;informations non express\u00e9ment demand\u00e9es n&rsquo;est pas autoris\u00e9e. Des mesures l\u00e9gales contre les exp\u00e9diteurs des courriers ind\u00e9sirables en cas de violation de cette interdiction sont express\u00e9ment r\u00e9serv\u00e9es.<\/p>\n<p class=\"small-text\">Ce site Web utilise Google Analytics, un service d&rsquo;analyse Web fourni par Google, Inc. (\u00ab\u00a0Google\u00a0\u00bb). Google Analytics utilise les soi-disant \u00ab\u00a0cookies\u00a0\u00bb, les fichiers texte qui sont stock\u00e9s sur votre ordinateur et qui permettent une analyse de l&rsquo;utilisation du site par les utilisateurs. Les informations sur l&rsquo;utilisation de ce site g\u00e9n\u00e9r\u00e9 par le cookie sont g\u00e9n\u00e9ralement transf\u00e9r\u00e9es vers un serveur Google aux \u00c9tats-Unis et stock\u00e9es l\u00e0-bas. Toutefois, dans le cas de l&rsquo;activation de l&rsquo;anonymisation IP sur ce site, l&rsquo;adresse IP de Google sera pr\u00e9c\u00e9demment abr\u00e9g\u00e9e dans les \u00c9tats membres de l&rsquo;Union europ\u00e9enne ou dans d&rsquo;autres \u00c9tats contractants de l&rsquo;Accord sur l&rsquo;Espace \u00e9conomique europ\u00e9en. Ce n&rsquo;est que dans des cas exceptionnels que l&rsquo;adresse IP compl\u00e8te est transf\u00e9r\u00e9e sur un serveur Google aux \u00c9tats-Unis et raccourcie l\u00e0-bas. Au nom de l&rsquo;op\u00e9rateur de ce site, Google utilisera ces informations pour \u00e9valuer votre utilisation du site Web, pour compiler des rapports sur l&rsquo;activit\u00e9 du site Web et pour fournir d&rsquo;autres services li\u00e9s \u00e0 l&rsquo;utilisation du site Web et \u00e0 l&rsquo;utilisation d&rsquo;Internet par rapport \u00e0 l&rsquo;op\u00e9rateur du site. L&rsquo;adresse IP fournie par Google Analytics \u00e0 partir du navigateur de l&rsquo;utilisateur n&rsquo;est pas fusionn\u00e9e avec d&rsquo;autres donn\u00e9es de Google.<\/p>\n<h2>RESPONSABILIT\u00c9 DE CETTE EXCLUSION DE RESPONSABILIT\u00c9<\/h2>\n<p class=\"small-text\">Cette clause de non-responsabilit\u00e9 doit \u00eatre consid\u00e9r\u00e9e comme faisant partie de l&rsquo;offre Internet \u00e0 partir de laquelle cette page a \u00e9t\u00e9 r\u00e9f\u00e9renc\u00e9e. Si les sections ou termes individuels de cette d\u00e9claration ne sont pas l\u00e9gaux ou corrects, le contenu ou la validit\u00e9 des autres parties restent inchang\u00e9s par ce fait.<\/p>\n<h2>WEBDESIGN &amp; DEVELOPMENT<\/h2>\n<p class=\"small-text\">Website by WEBPUNKS \u2013 <a href=\"https:\/\/www.webpunks.co\" target=\"_blank\" rel=\"noopener\">www.webpunks.co<\/a><\/p>\n","protected":false},"excerpt":{"rendered":"<p>NATHAL ENERGY Georg Stimpfl &#8211; Nathal Energy Brucknerweg 3 A-9500 Villach UID: ATU73724678 e-mail: info[@]nathal-energy.com PHOTO CREDITS Nathal Energy ICONS Retinaicons\u00a0(Flaticon) NOTES JURIDIQUES \/ AVERTISSEMENT \/<span class=\"excerpt-hellip\"> [\u2026]<\/span><\/p>\n","protected":false},"author":4,"featured_media":0,"parent":0,"menu_order":0,"comment_status":"closed","ping_status":"closed","template":"","meta":{"footnotes":""},"class_list":["post-347","page","type-page","status-publish","hentry"],"yoast_head":"<!-- This site is optimized with the Yoast SEO plugin v27.5 - https:\/\/yoast.com\/product\/yoast-seo-wordpress\/ -->\n<title>Empreinte - Nathal Energy<\/title>\n<meta name=\"robots\" content=\"index, follow, max-snippet:-1, max-image-preview:large, max-video-preview:-1\" \/>\n<link rel=\"canonical\" href=\"https:\/\/www.nathal-energy.com\/fr\/empreinte\/\" \/>\n<meta property=\"og:locale\" content=\"fr_FR\" \/>\n<meta property=\"og:type\" content=\"article\" \/>\n<meta property=\"og:title\" content=\"Empreinte - Nathal Energy\" \/>\n<meta property=\"og:description\" content=\"NATHAL ENERGY Georg Stimpfl &#8211; Nathal Energy Brucknerweg 3 A-9500 Villach UID: ATU73724678 e-mail: info[@]nathal-energy.com PHOTO CREDITS Nathal Energy ICONS Retinaicons\u00a0(Flaticon) NOTES JURIDIQUES \/ AVERTISSEMENT \/ [\u2026]\" \/>\n<meta property=\"og:url\" content=\"https:\/\/www.nathal-energy.com\/fr\/empreinte\/\" \/>\n<meta property=\"og:site_name\" content=\"Nathal Energy\" \/>\n<meta property=\"article:modified_time\" content=\"2024-08-20T18:47:43+00:00\" \/>\n<meta name=\"twitter:card\" content=\"summary_large_image\" \/>\n<meta name=\"twitter:label1\" content=\"Dur\u00e9e de lecture estim\u00e9e\" \/>\n\t<meta name=\"twitter:data1\" content=\"7 minutes\" \/>\n<script type=\"application\/ld+json\" class=\"yoast-schema-graph\">{\"@context\":\"https:\\\/\\\/schema.org\",\"@graph\":[{\"@type\":\"WebPage\",\"@id\":\"https:\\\/\\\/www.nathal-energy.com\\\/fr\\\/empreinte\\\/\",\"url\":\"https:\\\/\\\/www.nathal-energy.com\\\/fr\\\/empreinte\\\/\",\"name\":\"Empreinte - Nathal Energy\",\"isPartOf\":{\"@id\":\"https:\\\/\\\/www.nathal-energy.com\\\/de\\\/#website\"},\"datePublished\":\"2017-07-10T07:53:23+00:00\",\"dateModified\":\"2024-08-20T18:47:43+00:00\",\"breadcrumb\":{\"@id\":\"https:\\\/\\\/www.nathal-energy.com\\\/fr\\\/empreinte\\\/#breadcrumb\"},\"inLanguage\":\"fr-FR\",\"potentialAction\":[{\"@type\":\"ReadAction\",\"target\":[\"https:\\\/\\\/www.nathal-energy.com\\\/fr\\\/empreinte\\\/\"]}]},{\"@type\":\"BreadcrumbList\",\"@id\":\"https:\\\/\\\/www.nathal-energy.com\\\/fr\\\/empreinte\\\/#breadcrumb\",\"itemListElement\":[{\"@type\":\"ListItem\",\"position\":1,\"name\":\"Home\",\"item\":\"https:\\\/\\\/www.nathal-energy.com\\\/fr\\\/\"},{\"@type\":\"ListItem\",\"position\":2,\"name\":\"Empreinte\"}]},{\"@type\":\"WebSite\",\"@id\":\"https:\\\/\\\/www.nathal-energy.com\\\/de\\\/#website\",\"url\":\"https:\\\/\\\/www.nathal-energy.com\\\/de\\\/\",\"name\":\"Nathal Energy\",\"description\":\"Nathal Energy\",\"potentialAction\":[{\"@type\":\"SearchAction\",\"target\":{\"@type\":\"EntryPoint\",\"urlTemplate\":\"https:\\\/\\\/www.nathal-energy.com\\\/de\\\/?s={search_term_string}\"},\"query-input\":{\"@type\":\"PropertyValueSpecification\",\"valueRequired\":true,\"valueName\":\"search_term_string\"}}],\"inLanguage\":\"fr-FR\"}]}<\/script>\n<!-- \/ Yoast SEO plugin. -->","yoast_head_json":{"title":"Empreinte - Nathal Energy","robots":{"index":"index","follow":"follow","max-snippet":"max-snippet:-1","max-image-preview":"max-image-preview:large","max-video-preview":"max-video-preview:-1"},"canonical":"https:\/\/www.nathal-energy.com\/fr\/empreinte\/","og_locale":"fr_FR","og_type":"article","og_title":"Empreinte - Nathal Energy","og_description":"NATHAL ENERGY Georg Stimpfl &#8211; Nathal Energy Brucknerweg 3 A-9500 Villach UID: ATU73724678 e-mail: info[@]nathal-energy.com PHOTO CREDITS Nathal Energy ICONS Retinaicons\u00a0(Flaticon) NOTES JURIDIQUES \/ AVERTISSEMENT \/ [\u2026]","og_url":"https:\/\/www.nathal-energy.com\/fr\/empreinte\/","og_site_name":"Nathal Energy","article_modified_time":"2024-08-20T18:47:43+00:00","twitter_card":"summary_large_image","twitter_misc":{"Dur\u00e9e de lecture estim\u00e9e":"7 minutes"},"schema":{"@context":"https:\/\/schema.org","@graph":[{"@type":"WebPage","@id":"https:\/\/www.nathal-energy.com\/fr\/empreinte\/","url":"https:\/\/www.nathal-energy.com\/fr\/empreinte\/","name":"Empreinte - Nathal Energy","isPartOf":{"@id":"https:\/\/www.nathal-energy.com\/de\/#website"},"datePublished":"2017-07-10T07:53:23+00:00","dateModified":"2024-08-20T18:47:43+00:00","breadcrumb":{"@id":"https:\/\/www.nathal-energy.com\/fr\/empreinte\/#breadcrumb"},"inLanguage":"fr-FR","potentialAction":[{"@type":"ReadAction","target":["https:\/\/www.nathal-energy.com\/fr\/empreinte\/"]}]},{"@type":"BreadcrumbList","@id":"https:\/\/www.nathal-energy.com\/fr\/empreinte\/#breadcrumb","itemListElement":[{"@type":"ListItem","position":1,"name":"Home","item":"https:\/\/www.nathal-energy.com\/fr\/"},{"@type":"ListItem","position":2,"name":"Empreinte"}]},{"@type":"WebSite","@id":"https:\/\/www.nathal-energy.com\/de\/#website","url":"https:\/\/www.nathal-energy.com\/de\/","name":"Nathal Energy","description":"Nathal Energy","potentialAction":[{"@type":"SearchAction","target":{"@type":"EntryPoint","urlTemplate":"https:\/\/www.nathal-energy.com\/de\/?s={search_term_string}"},"query-input":{"@type":"PropertyValueSpecification","valueRequired":true,"valueName":"search_term_string"}}],"inLanguage":"fr-FR"}]}},"_links":{"self":[{"href":"https:\/\/www.nathal-energy.com\/fr\/wp-json\/wp\/v2\/pages\/347","targetHints":{"allow":["GET"]}}],"collection":[{"href":"https:\/\/www.nathal-energy.com\/fr\/wp-json\/wp\/v2\/pages"}],"about":[{"href":"https:\/\/www.nathal-energy.com\/fr\/wp-json\/wp\/v2\/types\/page"}],"author":[{"embeddable":true,"href":"https:\/\/www.nathal-energy.com\/fr\/wp-json\/wp\/v2\/users\/4"}],"replies":[{"embeddable":true,"href":"https:\/\/www.nathal-energy.com\/fr\/wp-json\/wp\/v2\/comments?post=347"}],"version-history":[{"count":1,"href":"https:\/\/www.nathal-energy.com\/fr\/wp-json\/wp\/v2\/pages\/347\/revisions"}],"predecessor-version":[{"id":453,"href":"https:\/\/www.nathal-energy.com\/fr\/wp-json\/wp\/v2\/pages\/347\/revisions\/453"}],"wp:attachment":[{"href":"https:\/\/www.nathal-energy.com\/fr\/wp-json\/wp\/v2\/media?parent=347"}],"curies":[{"name":"wp","href":"https:\/\/api.w.org\/{rel}","templated":true}]}}