{"id":350,"date":"2018-03-22T10:29:07","date_gmt":"2018-03-22T09:29:07","guid":{"rendered":"https:\/\/www.nathal-energy.com\/politique-de-confidentialite\/"},"modified":"2018-03-22T10:29:07","modified_gmt":"2018-03-22T09:29:07","slug":"politique-de-confidentialite","status":"publish","type":"page","link":"https:\/\/www.nathal-energy.com\/fr\/politique-de-confidentialite\/","title":{"rendered":"Politique de confidentialit\u00e9"},"content":{"rendered":"<h2><\/h2>\n<h2><\/h2>\n<h2>Politique de confidentialit\u00e9<\/h2>\n<h3>port\u00e9e<\/h3>\n<p>Cette politique de confidentialit\u00e9 explique les utilisateurs sur la nature, la port\u00e9e et le but de la collecte et l&rsquo;utilisation des donn\u00e9es personnelles par Nathal Energy, Brucknerweg 3, A-9500 Villach sur ce site. Il s&rsquo;applique uniquement au contenu de notre serveur et n&rsquo;inclut pas les sites Web li\u00e9s \u00e0 notre site. Nous attachons une grande importance \u00e0 la protection de vos donn\u00e9es. Afin de vous informer pleinement sur l&rsquo;utilisation des donn\u00e9es personnelles, nous vous demandons de prendre connaissance des avis de protection des donn\u00e9es suivants.<\/p>\n<h3>Donn\u00e9es personnelles<\/h3>\n<p>Les donn\u00e9es personnelles que vous soumettez \u00e9lectroniquement sur ce site, comme votre nom, votre adresse e-mail, adresse ou d&rsquo;autres renseignements personnels que nous utilisons uniquement dans le but sp\u00e9cifique donn\u00e9 en toute s\u00e9curit\u00e9, mais pas \u00e0 des tiers. Le fournisseur recueille et stocke automatiquement des informations sur le serveur Web tel que le navigateur utilis\u00e9, syst\u00e8me d&rsquo;exploitation, page de r\u00e9f\u00e9rence, l&rsquo;adresse IP, le temps d&rsquo;acc\u00e8s, etc. Ces donn\u00e9es peuvent \u00eatre affect\u00e9es \u00e0 une personne en particulier sans tenir compte d&rsquo;autres sources de donn\u00e9es, et nous analysons pas ces donn\u00e9es sauf en cas d\u2019un usage illegal\u00a0 de notre site web.<\/p>\n<h3>Formez des donn\u00e9es et des commentaires<\/h3>\n<p>Lorsque les visiteurs du site Web laissent des commentaires ou des entr\u00e9es de formulaire, les donn\u00e9es saisies et leurs adresses IP sont enregistr\u00e9es. C&rsquo;est pour la s\u00e9curit\u00e9, si quelqu&rsquo;un a \u00e9crit un contenu ill\u00e9gal (insultes, propagande de droite ou d&rsquo;extr\u00eame droite, envois de haine, etc.). Dans ce cas, nous nous int\u00e9ressons \u00e0 l&rsquo;identit\u00e9 de l&rsquo;auteur.<br \/>\nLes donn\u00e9es de formulaire (par exemple, \u00e0 partir des formulaires de contact) sont collect\u00e9es, trait\u00e9es et stock\u00e9es dans le but de contacter. Cela inclut l&rsquo;adresse IP. Si les utilisateurs ne sont pas d&rsquo;accord, veuillez ne pas utiliser les formulaires sur le site.<\/p>\n<h3>Int\u00e9gration des services et contenus de tiers<\/h3>\n<p>Il peut arriver que sont int\u00e9gr\u00e9s \u00e0 partir d&rsquo;autres sites au sein de cette offre en ligne des contenus tiers tels que des vid\u00e9os YouTube, des cartes de Google Maps, flux RSS ou graphiques. Cela pr\u00e9suppose toujours que les fournisseurs de ce contenu (ci-apr\u00e8s d\u00e9nomm\u00e9 \u00ab\u00a0fournisseur tiers\u00a0\u00bb) per\u00e7oivent l&rsquo;adresse IP des utilisateurs. Parce que sans l&rsquo;adresse IP, ils ne pouvaient pas envoyer le contenu au navigateur de l&rsquo;utilisateur respectif. L&rsquo;adresse IP est donc requise pour la pr\u00e9sentation de ce contenu. Nous nous effor\u00e7ons d&rsquo;utiliser uniquement du contenu dont les fournisseurs respectifs utilisent l&rsquo;adresse IP uniquement pour la livraison du contenu. Cependant, nous n&rsquo;avons aucune influence sur ce point si les tiers fournissent l&rsquo;adresse IP par ex. sauvegarder \u00e0 des fins statistiques. Pour autant que nous sachions, nous clarifions les utilisateurs sur ou anonymisent la propri\u00e9t\u00e9 intellectuelle autant que nous le pouvons techniquement.<\/p>\n<h3>Cookies<\/h3>\n<p>Les cookies sont de petits fichiers qui permettent \u00e0 ce site Web de stocker sur l&rsquo;ordinateur des informations sp\u00e9cifiques \u00e0 l&rsquo;utilisateur du visiteur pendant que notre site Web est visit\u00e9. Les cookies nous aident \u00e0 d\u00e9terminer la fr\u00e9quence d&rsquo;utilisation et le nombre d&rsquo;utilisateurs de nos sites Web, ainsi qu&rsquo;\u00e0 rendre nos offres confortables et efficaces pour vous. D&rsquo;une part, nous utilisons des cookies de session, qui sont mis en cache exclusivement pour la dur\u00e9e de votre utilisation de notre site Web, et, d&rsquo;autre part, des cookies permanents afin d&rsquo;enregistrer des informations sur les visiteurs qui acc\u00e8dent r\u00e9guli\u00e8rement \u00e0 notre site. Le but de l&rsquo;utilisation de ces cookies est de pouvoir offrir un guidage d&rsquo;utilisateur optimal et de reconna\u00eetre les visiteurs et de pouvoir pr\u00e9senter un site web attractif et des contenus int\u00e9ressants \u00e0 usage r\u00e9p\u00e9t\u00e9. Le contenu d&rsquo;un cookie permanent est limit\u00e9 \u00e0 un num\u00e9ro d&rsquo;identification. Le nom, l&rsquo;adresse IP, etc. ne sont pas sauvegard\u00e9s. Un seul profil sur votre comportement d&rsquo;utilisation n&rsquo;a pas lieu. Une utilisation de nos offres est \u00e9galement possible sans cookies. Vous pouvez d\u00e9sactiver les cookies dans votre navigateur, les restreindre \u00e0 certains sites Web ou configurer votre navigateur Web (Chrome, IE, Firefox, &#8230;) pour les avertir lorsqu&rsquo;un cookie est envoy\u00e9. Vous pouvez \u00e9galement supprimer les cookies du disque dur de votre PC \u00e0 tout moment. Veuillez noter, cependant, que dans ce cas, vous devrez compter avec un affichage limit\u00e9 de la page et avec un guidage limit\u00e9 de l&rsquo;utilisateur.<\/p>\n<h3>Utilisation de polices Web<\/h3>\n<p>Sur ce site, les polices externes, les polices Google sont utilis\u00e9es. Google Fonts est un service de Google Inc. (\u00ab\u00a0Google\u00a0\u00bb). L&rsquo;int\u00e9gration de ces polices Web est effectu\u00e9e par un appel de serveur (g\u00e9n\u00e9ralement un serveur Google aux \u00c9tats-Unis). Ceci est transmis au serveur, qui a \u00e9t\u00e9 visit\u00e9 sur notre site Web. En outre, l&rsquo;adresse IP du navigateur du terminal du visiteur de ce site est stock\u00e9e par Google. Pour plus d&rsquo;informations, consultez la politique de confidentialit\u00e9 de Google, \u00e0 laquelle vous pouvez acc\u00e9der ici:<\/p>\n<p><a href=\"https:\/\/www.google.com\/fonts#AboutPlace:about\" target=\"_blank\" rel=\"noopener\"> www.google.com\/fonts#AboutPlace:about <\/a><br \/>\n<a href=\"https:\/\/www.google.com\/policies\/privacy\/\" target=\"_blank\" rel=\"noopener\"> www.google.com\/policies\/privacy\/<\/a><\/p>\n<p>Remarque: Selon Google Inc., la mise \u00e0 disposition de Google Fonts ne stocke ni ne traite les informations personnelles identifiables sauf IP. Google Fonts est essentiellement d\u00e9coupl\u00e9 des autres services Google.<\/p>\n<h3>Politique de confidentialit\u00e9 pour l&rsquo;utilisation de Google Analytics<\/h3>\n<p>Ce site utilise Google Analytics, un service d&rsquo;analyse de site internet fourni par Google Inc. (\u00ab\u00a0Google\u00a0\u00bb). Google Analytics utilise des \u00abcookies\u00bb, des fichiers texte stock\u00e9s sur votre ordinateur et qui permettent une analyse de l&rsquo;utilisation du site Web par vous. Les informations g\u00e9n\u00e9r\u00e9es par les cookies concernant votre utilisation de ce site sont g\u00e9n\u00e9ralement transmises \u00e0 un serveur de Google aux Etats-Unis et y sont stock\u00e9es. Toutefois, si l&rsquo;anonymisation de l&rsquo;adresse IP est activ\u00e9e sur ce site, votre adresse IP sera pr\u00e9alablement raccourcie par Google dans les \u00c9tats membres de l&rsquo;Union europ\u00e9enne ou d&rsquo;autres parties \u00e0 l&rsquo;accord sur l&rsquo;Espace \u00e9conomique europ\u00e9en. Ce n&rsquo;est que dans des cas exceptionnels que l&rsquo;adresse IP compl\u00e8te sera envoy\u00e9e \u00e0 un serveur de Google aux \u00c9tats-Unis et raccourcie \u00e0 cet endroit. Au nom de l&rsquo;op\u00e9rateur de ce site, Google utilisera ces informations pour \u00e9valuer votre utilisation du site, pour compiler des rapports sur l&rsquo;activit\u00e9 du site et pour fournir d&rsquo;autres services li\u00e9s \u00e0 l&rsquo;activit\u00e9 du site et \u00e0 l&rsquo;utilisation d&rsquo;Internet \u00e0 l&rsquo;op\u00e9rateur du site. L&rsquo;adresse IP fournie par Google Analytics dans le cadre de Google Analytics ne sera pas fusionn\u00e9e avec d&rsquo;autres donn\u00e9es de Google. Vous pouvez emp\u00eacher le stockage de cookies par un param\u00e8tre correspondant de votre logiciel de navigation; cependant, nous signalons que vous ne pouvez pas le cas \u00e9ch\u00e9ant utiliser pleinement toutes les fonctionnalit\u00e9s de ce site. Vous pouvez \u00e9galement \u00e9tendre la couverture des donn\u00e9es g\u00e9n\u00e9r\u00e9es par les cookies concernant votre utilisation du site Google et le traitement de ces donn\u00e9es par Google pr\u00e9venir par le (<a href=\"http:\/\/tools.google.com\/dlpage\/gaoptout?hl=fr\" target=\"_blank\" rel=\"noopener\">http:\/\/tools.google.com\/dlpage\/gaoptout?hl=fr<\/a>) pour t\u00e9l\u00e9charger et installer le plugin de navigateur disponible.<\/p>\n<p>Pour plus d&rsquo;informations sur Conditions d&rsquo;utilisation et Politique de confidentialit\u00e9 sous <a href=\"http:\/\/www.google.com\/analytics\/terms\/de.html\" target=\"_blank\" rel=\"noopener\">http:\/\/www.google.com\/analytics\/terms\/de.html<\/a> ou sous <a href=\"https:\/\/support.google.com\/analytics\/answer\/6004245?hl=de\" target=\"_blank\" rel=\"noopener\">https:\/\/support.google.com\/analytics\/answer\/6004245?hl=de<\/a>. \u00e9tait: \u00ab {true \u00ab anonymize_ip \u00bb} \u00bb \u00e9tendu \u00e0 une collection anonyme d&rsquo;adresses IP (appel\u00e9 masquage IP.) pour nous assurer de signaler que sur ce site code Google Analytics.<\/p>\n<h3>D\u00e9sactiver la collecte et l&rsquo;analyse de donn\u00e9es<\/h3>\n<p>Vous pouvez emp\u00eacher la collecte par Google des donn\u00e9es g\u00e9n\u00e9r\u00e9es par les cookies et li\u00e9es \u00e0 votre utilisation du site (y compris votre adresse IP) ainsi que le traitement de ces donn\u00e9es par Google en utilisant le lien suivant (<a href=\"http:\/\/tools.google.com\/dlpage\/gaoptout?hl=DE\" target=\"_blank\" rel=\"noopener\">http:\/\/tools.google.com\/dlpage\/gaoptout?hl=DE<\/a>) T\u00e9l\u00e9chargez et installez le plugin de navigateur disponible.<\/p>\n<h3>Politique de confidentialit\u00e9 pour l&rsquo;utilisation de YouTube<\/h3>\n<p>Les fonctionnalit\u00e9s du service YouTube sont impl\u00e9ment\u00e9es sur notre site Web. Ces fonctionnalit\u00e9s sont fournies par YouTube, LLC, 901, avenue Cherry, San Bruno, CA 94066, \u00c9tats-Unis. Les vid\u00e9os int\u00e9gr\u00e9es stockent des cookies sur les ordinateurs des utilisateurs lorsque le site web est appel\u00e9. Si vous avez d\u00e9sactiv\u00e9 la configuration des cookies pour le programme de publicit\u00e9 Google, vous ne devez pas vous attendre \u00e0 de tels cookies lors de l&rsquo;acc\u00e8s aux vid\u00e9os YouTube. Toutefois, YouTube stocke \u00e9galement des informations d&rsquo;utilisation non personnelles dans d&rsquo;autres cookies. Si vous voulez \u00e9viter cela, vous devez le bloquer dans le navigateur.<\/p>\n<h3>Droit<\/h3>\n<p>A tout moment vous avez le droit \u00e0 l&rsquo;information sur les donn\u00e9es stock\u00e9es sur vous, son origine et son destinataire ainsi que le but du stockage.<\/p>\n<h3>Cr\u00e9dits photo<\/h3>\n<p>Les cr\u00e9dits d&rsquo;image pour les images achet\u00e9es \/ int\u00e9gr\u00e9es en externe sont r\u00e9pertori\u00e9s directement dans les zones respectives.<\/p>\n<h3>R\u00e9vocation, modifications, corrections et mises \u00e0 jour<\/h3>\n<p>L&rsquo;utilisateur a le droit, sur demande, de recevoir gratuitement des informations sur les donn\u00e9es personnelles qui ont \u00e9t\u00e9 stock\u00e9es \u00e0 son sujet. En outre, l&rsquo;utilisateur a le droit \u00e0 la correction des donn\u00e9es incorrectes, le blocage et la suppression de ses donn\u00e9es personnelles, dans la mesure o\u00f9 aucune obligation l\u00e9gale de stockage est contraire.<\/p>\n<h3>Contactez<\/h3>\n<p><strong>Nathal Energy<\/strong><br \/>\nBrucknerweg 3<br \/>\nA-9500 Villach<br \/>\nE-mail: info@nathal-energy.com<\/p>\n<h3>D\u00e9n\u00e9gation<\/h3>\n<p>Cette exclusion de responsabilit\u00e9 doit \u00eatre consid\u00e9r\u00e9e comme faisant partie de l&rsquo;offre Internet, \u00e0 partir de laquelle il a \u00e9t\u00e9 fait r\u00e9f\u00e9rence \u00e0 ce site Web. Si des sections ou des termes individuels de cette d\u00e9claration ne sont pas l\u00e9gaux ou corrects, le contenu ou la validit\u00e9 des autres parties ne sont pas influenc\u00e9s par ce fait.<\/p>\n<h3>Responsabilit\u00e9 pour le contenu de ce site<\/h3>\n<p>Le contenu de nos pages a \u00e9t\u00e9 cr\u00e9\u00e9 avec beaucoup de soin. Cependant, nous ne pouvons assumer aucune responsabilit\u00e9 quant \u00e0 l&rsquo;exactitude, l&rsquo;exhaustivit\u00e9 et l&rsquo;actualit\u00e9 du contenu. En tant que fournisseur de services, nous sommes responsables de notre propre contenu sur ces pages conform\u00e9ment aux lois g\u00e9n\u00e9rales. Cependant, nous ne sommes pas tenus de surveiller les informations transmises ou stock\u00e9es par des tiers ou d&rsquo;enqu\u00eater sur les circonstances qui indiquent une activit\u00e9 ill\u00e9gale. Les obligations de supprimer ou de bloquer l&rsquo;utilisation des informations en vertu de la loi g\u00e9n\u00e9rale restent inchang\u00e9es. Une responsabilit\u00e9 \u00e0 cet \u00e9gard, cependant, n&rsquo;est possible qu&rsquo;\u00e0 partir de la date de la connaissance d&rsquo;une infraction sp\u00e9cifique. D\u00e8s la notification des violations appropri\u00e9es, nous supprimerons ce contenu imm\u00e9diatement.<\/p>\n<h3>Responsabilit\u00e9 pour les liens vers des sites Web de tiers<\/h3>\n<p>Notre offre contient des liens vers des sites externes. Nous n&rsquo;avons aucune influence sur le contenu de ces sites externes. Par cons\u00e9quent, nous ne pouvons assumer aucune responsabilit\u00e9 pour ces contenus externes. Le fournisseur ou l&rsquo;op\u00e9rateur respectif des pages est toujours responsable du contenu des pages li\u00e9es. Les pages li\u00e9es ont \u00e9t\u00e9 v\u00e9rifi\u00e9es pour d&rsquo;\u00e9ventuelles violations l\u00e9gales au moment de la liaison. Le contenu ill\u00e9gal n&rsquo;\u00e9tait pas reconnaissable au moment de la liaison. Cependant, un contr\u00f4le permanent du contenu des pages li\u00e9es n&rsquo;est pas raisonnable sans preuve concr\u00e8te d&rsquo;une infraction. D\u00e8s la notification des violations, nous supprimerons ces liens imm\u00e9diatement.<\/p>\n<h3>Droit d&rsquo;auteur, Copyright<\/h3>\n<p>Les op\u00e9rateurs de ce site Web s&rsquo;efforcent de toujours respecter les droits d&rsquo;auteur des autres ou d&rsquo;utiliser des \u0153uvres cr\u00e9\u00e9es et libres de droits. Le contenu cr\u00e9\u00e9 par les op\u00e9rateurs du site et fonctionne sur ce site sont soumis \u00e0 des droits d&rsquo;auteur. Les contributions de tiers sont marqu\u00e9es comme telles. La reproduction, la modification, la distribution ou toute forme d&rsquo;exploitation en dehors des limites du droit d&rsquo;auteur exigent le consentement \u00e9crit de l&rsquo;auteur ou cr\u00e9ateur. Les t\u00e9l\u00e9chargements et copies de ce site sont r\u00e9serv\u00e9s \u00e0 un usage priv\u00e9 et non commercial.<br \/>\nLa mise en page de ce site, les graphiques utilis\u00e9s ainsi que les textes et les images sont prot\u00e9g\u00e9s par le droit d&rsquo;auteur. Les droits d&rsquo;auteur sur les images, graphiques, etc., publi\u00e9s et cr\u00e9\u00e9s par eux-m\u00eames, appartiennent exclusivement \u00e0 l&rsquo;auteur respectif ou \u00e0 Nathal Energy. Aucune partie de cette publication ne peut \u00eatre reproduite, transmise, transmise, affich\u00e9e, ex\u00e9cut\u00e9e, traduite, \u00e9dit\u00e9e ou trait\u00e9e sans le consentement \u00e9crit de Nathal Energy.<\/p>\n","protected":false},"excerpt":{"rendered":"<p>Politique de confidentialit\u00e9 port\u00e9e Cette politique de confidentialit\u00e9 explique les utilisateurs sur la nature, la port\u00e9e et le but de la collecte et l&rsquo;utilisation des donn\u00e9es<span class=\"excerpt-hellip\"> [\u2026]<\/span><\/p>\n","protected":false},"author":4,"featured_media":0,"parent":0,"menu_order":0,"comment_status":"closed","ping_status":"closed","template":"","meta":{"footnotes":""},"class_list":["post-350","page","type-page","status-publish","hentry"],"yoast_head":"<!-- This site is optimized with the Yoast SEO plugin v27.5 - https:\/\/yoast.com\/product\/yoast-seo-wordpress\/ -->\n<title>Politique de confidentialit\u00e9 - Nathal Energy<\/title>\n<meta name=\"robots\" content=\"index, follow, max-snippet:-1, max-image-preview:large, max-video-preview:-1\" \/>\n<link rel=\"canonical\" href=\"https:\/\/www.nathal-energy.com\/fr\/politique-de-confidentialite\/\" \/>\n<meta property=\"og:locale\" content=\"fr_FR\" \/>\n<meta property=\"og:type\" content=\"article\" \/>\n<meta property=\"og:title\" content=\"Politique de confidentialit\u00e9 - Nathal Energy\" \/>\n<meta property=\"og:description\" content=\"Politique de confidentialit\u00e9 port\u00e9e Cette politique de confidentialit\u00e9 explique les utilisateurs sur la nature, la port\u00e9e et le but de la collecte et l&rsquo;utilisation des donn\u00e9es [\u2026]\" \/>\n<meta property=\"og:url\" content=\"https:\/\/www.nathal-energy.com\/fr\/politique-de-confidentialite\/\" \/>\n<meta property=\"og:site_name\" content=\"Nathal Energy\" \/>\n<meta name=\"twitter:card\" content=\"summary_large_image\" \/>\n<meta name=\"twitter:label1\" content=\"Dur\u00e9e de lecture estim\u00e9e\" \/>\n\t<meta name=\"twitter:data1\" content=\"10 minutes\" \/>\n<script type=\"application\/ld+json\" class=\"yoast-schema-graph\">{\"@context\":\"https:\\\/\\\/schema.org\",\"@graph\":[{\"@type\":\"WebPage\",\"@id\":\"https:\\\/\\\/www.nathal-energy.com\\\/fr\\\/politique-de-confidentialite\\\/\",\"url\":\"https:\\\/\\\/www.nathal-energy.com\\\/fr\\\/politique-de-confidentialite\\\/\",\"name\":\"Politique de confidentialit\u00e9 - Nathal Energy\",\"isPartOf\":{\"@id\":\"https:\\\/\\\/www.nathal-energy.com\\\/de\\\/#website\"},\"datePublished\":\"2018-03-22T09:29:07+00:00\",\"breadcrumb\":{\"@id\":\"https:\\\/\\\/www.nathal-energy.com\\\/fr\\\/politique-de-confidentialite\\\/#breadcrumb\"},\"inLanguage\":\"fr-FR\",\"potentialAction\":[{\"@type\":\"ReadAction\",\"target\":[\"https:\\\/\\\/www.nathal-energy.com\\\/fr\\\/politique-de-confidentialite\\\/\"]}]},{\"@type\":\"BreadcrumbList\",\"@id\":\"https:\\\/\\\/www.nathal-energy.com\\\/fr\\\/politique-de-confidentialite\\\/#breadcrumb\",\"itemListElement\":[{\"@type\":\"ListItem\",\"position\":1,\"name\":\"Home\",\"item\":\"https:\\\/\\\/www.nathal-energy.com\\\/fr\\\/\"},{\"@type\":\"ListItem\",\"position\":2,\"name\":\"Politique de confidentialit\u00e9\"}]},{\"@type\":\"WebSite\",\"@id\":\"https:\\\/\\\/www.nathal-energy.com\\\/de\\\/#website\",\"url\":\"https:\\\/\\\/www.nathal-energy.com\\\/de\\\/\",\"name\":\"Nathal Energy\",\"description\":\"Nathal Energy\",\"potentialAction\":[{\"@type\":\"SearchAction\",\"target\":{\"@type\":\"EntryPoint\",\"urlTemplate\":\"https:\\\/\\\/www.nathal-energy.com\\\/de\\\/?s={search_term_string}\"},\"query-input\":{\"@type\":\"PropertyValueSpecification\",\"valueRequired\":true,\"valueName\":\"search_term_string\"}}],\"inLanguage\":\"fr-FR\"}]}<\/script>\n<!-- \/ Yoast SEO plugin. -->","yoast_head_json":{"title":"Politique de confidentialit\u00e9 - Nathal Energy","robots":{"index":"index","follow":"follow","max-snippet":"max-snippet:-1","max-image-preview":"max-image-preview:large","max-video-preview":"max-video-preview:-1"},"canonical":"https:\/\/www.nathal-energy.com\/fr\/politique-de-confidentialite\/","og_locale":"fr_FR","og_type":"article","og_title":"Politique de confidentialit\u00e9 - Nathal Energy","og_description":"Politique de confidentialit\u00e9 port\u00e9e Cette politique de confidentialit\u00e9 explique les utilisateurs sur la nature, la port\u00e9e et le but de la collecte et l&rsquo;utilisation des donn\u00e9es [\u2026]","og_url":"https:\/\/www.nathal-energy.com\/fr\/politique-de-confidentialite\/","og_site_name":"Nathal Energy","twitter_card":"summary_large_image","twitter_misc":{"Dur\u00e9e de lecture estim\u00e9e":"10 minutes"},"schema":{"@context":"https:\/\/schema.org","@graph":[{"@type":"WebPage","@id":"https:\/\/www.nathal-energy.com\/fr\/politique-de-confidentialite\/","url":"https:\/\/www.nathal-energy.com\/fr\/politique-de-confidentialite\/","name":"Politique de confidentialit\u00e9 - Nathal Energy","isPartOf":{"@id":"https:\/\/www.nathal-energy.com\/de\/#website"},"datePublished":"2018-03-22T09:29:07+00:00","breadcrumb":{"@id":"https:\/\/www.nathal-energy.com\/fr\/politique-de-confidentialite\/#breadcrumb"},"inLanguage":"fr-FR","potentialAction":[{"@type":"ReadAction","target":["https:\/\/www.nathal-energy.com\/fr\/politique-de-confidentialite\/"]}]},{"@type":"BreadcrumbList","@id":"https:\/\/www.nathal-energy.com\/fr\/politique-de-confidentialite\/#breadcrumb","itemListElement":[{"@type":"ListItem","position":1,"name":"Home","item":"https:\/\/www.nathal-energy.com\/fr\/"},{"@type":"ListItem","position":2,"name":"Politique de confidentialit\u00e9"}]},{"@type":"WebSite","@id":"https:\/\/www.nathal-energy.com\/de\/#website","url":"https:\/\/www.nathal-energy.com\/de\/","name":"Nathal Energy","description":"Nathal Energy","potentialAction":[{"@type":"SearchAction","target":{"@type":"EntryPoint","urlTemplate":"https:\/\/www.nathal-energy.com\/de\/?s={search_term_string}"},"query-input":{"@type":"PropertyValueSpecification","valueRequired":true,"valueName":"search_term_string"}}],"inLanguage":"fr-FR"}]}},"_links":{"self":[{"href":"https:\/\/www.nathal-energy.com\/fr\/wp-json\/wp\/v2\/pages\/350","targetHints":{"allow":["GET"]}}],"collection":[{"href":"https:\/\/www.nathal-energy.com\/fr\/wp-json\/wp\/v2\/pages"}],"about":[{"href":"https:\/\/www.nathal-energy.com\/fr\/wp-json\/wp\/v2\/types\/page"}],"author":[{"embeddable":true,"href":"https:\/\/www.nathal-energy.com\/fr\/wp-json\/wp\/v2\/users\/4"}],"replies":[{"embeddable":true,"href":"https:\/\/www.nathal-energy.com\/fr\/wp-json\/wp\/v2\/comments?post=350"}],"version-history":[{"count":0,"href":"https:\/\/www.nathal-energy.com\/fr\/wp-json\/wp\/v2\/pages\/350\/revisions"}],"wp:attachment":[{"href":"https:\/\/www.nathal-energy.com\/fr\/wp-json\/wp\/v2\/media?parent=350"}],"curies":[{"name":"wp","href":"https:\/\/api.w.org\/{rel}","templated":true}]}}